{"id":2899,"date":"2024-03-07T21:34:53","date_gmt":"2024-03-07T21:34:53","guid":{"rendered":"https:\/\/beylini.com\/bebek-bezi-caddy\/"},"modified":"2024-04-28T01:08:13","modified_gmt":"2024-04-28T01:08:13","slug":"bebek-bezi-caddy","status":"publish","type":"page","link":"https:\/\/beylini.com\/tr\/bebek-bezi-caddy\/","title":{"rendered":"Bebek Bezi Caddy"},"content":{"rendered":"<p><div class=\"fusion-fullwidth fullwidth-box fusion-builder-row-1 fusion-flex-container nonhundred-percent-fullwidth non-hundred-percent-height-scrolling\" style=\"background-color: rgba(255,255,255,0);background-image:linear-gradient(360deg, #f9fafb 14%,#ffffff 14%);background-position: center center;background-repeat: no-repeat;border-width: 0px 0px 0px 0px;border-color:#e8ebef;border-style:solid;\" ><div class=\"fusion-builder-row fusion-row fusion-flex-align-items-stretch fusion-flex-justify-content-center\" style=\"max-width:1310.4px;margin-left: calc(-4% \/ 2 );margin-right: calc(-4% \/ 2 );\"><div class=\"fusion-layout-column fusion_builder_column fusion-builder-column-0 fusion_builder_column_1_2 1_2 fusion-flex-column\"><div class=\"fusion-column-wrapper fusion-flex-justify-content-center fusion-content-layout-column\" style=\"background-position:left top;background-repeat:no-repeat;-webkit-background-size:cover;-moz-background-size:cover;-o-background-size:cover;background-size:cover;padding: 0px 0px 0px 0px;\"><style type=\"text\/css\">@media only screen and (max-width:1200px) {.fusion-title.fusion-title-1{margin-top:0px!important; margin-right:0px!important;margin-bottom:8px!important;margin-left:0px!important;}}@media only screen and (max-width:640px) {.fusion-title.fusion-title-1{margin-top:10px!important; margin-right:0px!important;margin-bottom:0px!important; margin-left:0px!important;}}<\/style><div class=\"fusion-title title fusion-title-1 fusion-sep-none fusion-title-text fusion-title-size-three\" style=\"margin-top:0px;margin-right:0px;margin-bottom:8px;margin-left:0px;\"><h3 class=\"title-heading-left fusion-responsive-typography-calculated\" style=\"margin:0;color:#ff9800;--fontSize:36;line-height:1.3;\">Bebek Bezi Caddy D\u00fczenleyici<\/h3><\/div><style type=\"text\/css\">@media only screen and (max-width:1200px) {.fusion-title.fusion-title-2{margin-top:10px!important; margin-right:0px!important;margin-bottom:0px!important;margin-left:0px!important;}}@media only screen and (max-width:640px) {.fusion-title.fusion-title-2{margin-top:10px!important; margin-right:0px!important;margin-bottom:0px!important; margin-left:0px!important;}}<\/style><div class=\"fusion-title title fusion-title-2 fusion-sep-none fusion-title-text fusion-title-size-three\" style=\"margin-top:10px;margin-right:0px;margin-bottom:0px;margin-left:0px;\"><h3 class=\"title-heading-left fusion-responsive-typography-calculated\" style=\"margin:0;--fontSize:36;line-height:1.3;\">Ta\u015f\u0131nabilir Yenido\u011fan Du\u015f Sepeti Hediyeler Depolama De\u011fi\u015ftirme Mendil \u00c7antas\u0131 Araba Kre\u015f Bebek Erkek veya K\u0131z<\/h3><\/div><style type=\"text\/css\">@media only screen and (max-width:1200px) {.fusion-title.fusion-title-3{margin-top:10px!important; margin-right:0px!important;margin-bottom:0px!important;margin-left:0px!important;}}@media only screen and (max-width:640px) {.fusion-title.fusion-title-3{margin-top:10px!important; margin-right:0px!important;margin-bottom:0px!important; margin-left:0px!important;}}<\/style><div class=\"fusion-title title fusion-title-3 fusion-sep-none fusion-title-text fusion-title-size-two\" style=\"margin-top:10px;margin-right:0px;margin-bottom:0px;margin-left:0px;\"><div class=\"title-heading-left title-heading-tag fusion-responsive-typography-calculated\" style=\"margin:0;--fontSize:20;--minFontSize:20px;line-height:1.7;\"><p>Kalitemizi trendlerle, \u00f6zel tasar\u0131mlarla ve son moda desenlerle bulu\u015fturuyoruz.<\/p>\n<ul>\n<li>\u00c7e\u015fitli boyut ve renk mevcuttur<\/li>\n<\/ul><\/div><\/div><\/div><style type=\"text\/css\">.fusion-body .fusion-builder-column-0{width:50% !important;margin-top : 20px;margin-bottom : 68px;}.fusion-builder-column-0 > .fusion-column-wrapper {padding-top : 0px !important;padding-right : 0px !important;margin-right : 11.52%;padding-bottom : 0px !important;padding-left : 0px !important;margin-left : 3.84%;}@media only screen and (max-width:1200px) {.fusion-body .fusion-builder-column-0{width:50% !important;order : 0;margin-top : 20px;margin-bottom : 20px;}.fusion-builder-column-0 > .fusion-column-wrapper {margin-right : 3.84%;margin-left : 3.84%;}}@media only screen and (max-width:640px) {.fusion-body .fusion-builder-column-0{width:100% !important;order : 0;margin-top : 20px;}.fusion-builder-column-0 > .fusion-column-wrapper {margin-right : 1.92%;margin-left : 1.92%;}}<\/style><\/div><div class=\"fusion-layout-column fusion_builder_column fusion-builder-column-1 fusion_builder_column_1_2 1_2 fusion-flex-column fusion-flex-align-self-center\"><div class=\"fusion-column-wrapper fusion-flex-justify-content-flex-start fusion-content-layout-column\" style=\"background-position:left top;background-repeat:no-repeat;-webkit-background-size:cover;-moz-background-size:cover;-o-background-size:cover;background-size:cover;padding: 0px 0px 0px 0px;\"><div style=\"text-align:center;\"><span class=\" fusion-imageframe imageframe-none imageframe-1 hover-type-none\" style=\"border:1px solid #ff9800;border-radius:12px;\"><img decoding=\"async\" width=\"600\" height=\"600\" title=\"baby diaper caddy\" src=\"https:\/\/beylini.com\/wp-content\/uploads\/2024\/04\/baby-diaper-caddy.jpg\" alt class=\"img-responsive wp-image-3195 disable-lazyload\" srcset=\"https:\/\/beylini.com\/wp-content\/uploads\/2024\/04\/baby-diaper-caddy-200x200.jpg 200w, https:\/\/beylini.com\/wp-content\/uploads\/2024\/04\/baby-diaper-caddy-400x400.jpg 400w, https:\/\/beylini.com\/wp-content\/uploads\/2024\/04\/baby-diaper-caddy.jpg 600w\" sizes=\"(max-width: 640px) 100vw, 600px\" \/><\/span><\/div><\/div><style type=\"text\/css\">.fusion-body .fusion-builder-column-1{width:50% !important;margin-top : 20px;margin-bottom : 20px;}.fusion-builder-column-1 > .fusion-column-wrapper {padding-top : 0px !important;padding-right : 0px !important;margin-right : 3.84%;padding-bottom : 0px !important;padding-left : 0px !important;margin-left : 7.68%;}@media only screen and (max-width:1200px) {.fusion-body .fusion-builder-column-1{width:50% !important;order : 0;}.fusion-builder-column-1 > .fusion-column-wrapper {margin-right : 3.84%;margin-left : 7.68%;}}@media only screen and (max-width:640px) {.fusion-body .fusion-builder-column-1{width:100% !important;order : 0;}.fusion-builder-column-1 > .fusion-column-wrapper {margin-right : 1.92%;margin-left : 3.84%;}}<\/style><\/div><\/div><style type=\"text\/css\">.fusion-body .fusion-flex-container.fusion-builder-row-1{ padding-top : 0px;margin-top : 0px;padding-right : 0px;padding-bottom : 0px;margin-bottom : 0px;padding-left : 0px;}@media only screen and (max-width:1200px) {.fusion-body .fusion-flex-container.fusion-builder-row-1{ padding-top : 24px;}}@media only screen and (max-width:640px) {.fusion-body .fusion-flex-container.fusion-builder-row-1{ padding-top : 20px;}}<\/style><\/div><div class=\"fusion-fullwidth fullwidth-box fusion-builder-row-2 fusion-flex-container nonhundred-percent-fullwidth non-hundred-percent-height-scrolling\" style=\"background-color: rgba(255,255,255,0);background-position: center center;background-repeat: no-repeat;border-width: 0px 0px 0px 0px;border-color:#e8ebef;border-style:solid;\" ><div class=\"fusion-builder-row fusion-row fusion-flex-align-items-flex-start\" style=\"max-width:1310.4px;margin-left: calc(-4% \/ 2 );margin-right: calc(-4% \/ 2 );\"><div class=\"fusion-layout-column fusion_builder_column fusion-builder-column-2 fusion_builder_column_1_2 1_2 fusion-flex-column\"><div class=\"fusion-column-wrapper fusion-flex-justify-content-flex-start fusion-content-layout-column\" style=\"background-position:left top;background-repeat:no-repeat;-webkit-background-size:cover;-moz-background-size:cover;-o-background-size:cover;background-size:cover;padding: 0px 0px 0px 0px;\"><div class=\"fusion-text fusion-text-1\"><ul class=\"a-unordered-list a-vertical a-spacing-mini\">\n<li class=\"a-spacing-mini\"><span class=\"a-list-item\"><strong>BEBEKLER I\u0307\u00c7I\u0307N GEREKLI\u0307 \u00dcR\u00dcN<\/strong>: Bebe\u011finizin bakmas\u0131 gereken \u00e7ok fazla e\u015fya m\u0131 var? \u0130htiyac\u0131n\u0131z oldu\u011funda hepsini bir kerede ve hemen bulmak ister misiniz? Bu tam da arad\u0131\u011f\u0131n\u0131z \u00fcr\u00fcn. Kulland\u0131ktan sonra hayat\u0131n\u0131z\u0131n de\u011fi\u015fti\u011fini g\u00f6receksiniz.<\/span><\/li>\n<li class=\"a-spacing-mini\"><span class=\"a-list-item\"><strong>\u00c7OK AMA\u00c7LI<\/strong>: T\u00fcm \u00fcr\u00fcnleri tek bir \u00e7antada toplayabilirsiniz: Bebek Bezi, Islak Mendil, Bak\u0131m Ya\u011f\u0131, Kuru Mendil, T\u0131rnak Makas\u0131, Tarak, Kulak Temizleyici, Alt De\u011fi\u015ftirme Bezi, Krem, Emzik, Biberon, Havlu.<\/span><\/li>\n<li class=\"a-spacing-mini\"><span class=\"a-list-item\"><strong>DA\u011eINIKLI\u011eI<\/strong> TOPARLAYIN: Hafif Ta\u015f\u0131nabilir, Yumu\u015fak ve Sa\u011flam, HER YERE G\u00d6T\u00dcR\u00dcN. Bebek bezi d\u00fczenleyicisi, hareket halindeyken bavulunuzda veya s\u0131rt \u00e7antan\u0131zda kompakt bir \u015fekilde saklamak i\u00e7in katlanabilir.<\/span><\/li>\n<li class=\"a-spacing-mini\"><span class=\"a-list-item\"><strong>BABY SHOWER \u0130\u00c7\u0130N HED\u0130YE:<\/strong> Ald\u0131\u011f\u0131n\u0131z t\u00fcm k\u00fc\u00e7\u00fck par\u00e7alar\u0131 bir \u00e7antada toplayarak harika bir hediye yapabilirsiniz. Hediyelerinizi nas\u0131l sunaca\u011f\u0131n\u0131z\u0131 d\u00fc\u015f\u00fcnmek zorunda de\u011filsiniz. Bebek bezi organizeri \u015f\u0131k gri renklerle tasarlanm\u0131\u015ft\u0131r.  <\/span><\/li>\n<li class=\"a-spacing-mini\"><span class=\"a-list-item\"><strong>\u00d6ZELL\u0130KLER<\/strong>: Polyesterden \u00fcretilmi\u015ftir. Ke\u00e7e Sapl\u0131 Katlanabilir. \u0130\u00e7 k\u0131s\u0131m 3 b\u00f6lmeye ayr\u0131labilir. D\u0131\u015f k\u0131s\u0131mda 1 b\u00fcy\u00fck cep ve 3 \u00f6n cep olmak \u00fczere toplam 4 cep bulunmaktad\u0131r. \u00d6l\u00e7\u00fcler 13 in\u00e7 U x 7 in\u00e7 Y x 8 in\u00e7 D<\/span><\/li>\n<\/ul>\n<\/div><\/div><style type=\"text\/css\">.fusion-body .fusion-builder-column-2{width:50% !important;margin-top : 20px;margin-bottom : 20px;}.fusion-builder-column-2 > .fusion-column-wrapper {padding-top : 0px !important;padding-right : 0px !important;margin-right : 3.84%;padding-bottom : 0px !important;padding-left : 0px !important;margin-left : 3.84%;}@media only screen and (max-width:1200px) {.fusion-body .fusion-builder-column-2{width:50% !important;order : 0;}.fusion-builder-column-2 > .fusion-column-wrapper {margin-right : 3.84%;margin-left : 3.84%;}}@media only screen and (max-width:640px) {.fusion-body .fusion-builder-column-2{width:100% !important;order : 0;}.fusion-builder-column-2 > .fusion-column-wrapper {margin-right : 1.92%;margin-left : 1.92%;}}<\/style><\/div><div class=\"fusion-layout-column fusion_builder_column fusion-builder-column-3 fusion_builder_column_1_2 1_2 fusion-flex-column fusion-flex-align-self-center\"><div class=\"fusion-column-wrapper fusion-flex-justify-content-flex-start fusion-content-layout-column\" style=\"background-position:left top;background-repeat:no-repeat;-webkit-background-size:cover;-moz-background-size:cover;-o-background-size:cover;background-size:cover;padding: 0px 0px 0px 0px;\"><style type=\"text\/css\">.fusion-gallery-1 .fusion-gallery-image {border:1px solid #ff9800;-webkit-border-radius:3px;-moz-border-radius:3px;border-radius:3px;}<\/style><div class=\"fusion-gallery fusion-gallery-container fusion-grid-2 fusion-columns-total-4 fusion-gallery-layout-grid fusion-gallery-1\" style=\"margin:-5px;\"><div style=\"padding:5px;\" class=\"fusion-grid-column fusion-gallery-column fusion-gallery-column-2\"><div class=\"fusion-gallery-image fusion-gallery-image-liftup\"><a href=\"https:\/\/beylini.com\/wp-content\/uploads\/2024\/04\/32.jpg\" rel=\"noreferrer\" data-rel=\"iLightbox[gallery_image_1]\" class=\"fusion-lightbox\" target=\"_self\"><img decoding=\"async\" src=\"https:\/\/beylini.com\/wp-content\/uploads\/2024\/04\/32.jpg\" data-orig-src=\"https:\/\/beylini.com\/wp-content\/uploads\/2024\/04\/32.jpg\" width=\"600\" height=\"600\" alt=\"\" title=\"32\" aria-label=\"32\" class=\"lazyload img-responsive wp-image-3233\" srcset=\"data:image\/svg+xml,%3Csvg%20xmlns%3D%27http%3A%2F%2Fwww.w3.org%2F2000%2Fsvg%27%20width%3D%27600%27%20height%3D%27600%27%20viewBox%3D%270%200%20600%20600%27%3E%3Crect%20width%3D%27600%27%20height%3D%27600%27%20fill-opacity%3D%220%22%2F%3E%3C%2Fsvg%3E\" data-srcset=\"https:\/\/beylini.com\/wp-content\/uploads\/2024\/04\/32-200x200.jpg 200w, https:\/\/beylini.com\/wp-content\/uploads\/2024\/04\/32-400x400.jpg 400w, https:\/\/beylini.com\/wp-content\/uploads\/2024\/04\/32.jpg 600w\" data-sizes=\"auto\" data-orig-sizes=\"(min-width: 2200px) 100vw, (min-width: 712px) 628px, (min-width: 640px) 712px, \" \/><\/a><\/div><\/div><div style=\"padding:5px;\" class=\"fusion-grid-column fusion-gallery-column fusion-gallery-column-2\"><div class=\"fusion-gallery-image fusion-gallery-image-liftup\"><a href=\"https:\/\/beylini.com\/wp-content\/uploads\/2024\/04\/35.jpg\" rel=\"noreferrer\" data-rel=\"iLightbox[gallery_image_1]\" class=\"fusion-lightbox\" target=\"_self\"><img decoding=\"async\" src=\"https:\/\/beylini.com\/wp-content\/uploads\/2024\/04\/35.jpg\" data-orig-src=\"https:\/\/beylini.com\/wp-content\/uploads\/2024\/04\/35.jpg\" width=\"600\" height=\"600\" alt=\"\" title=\"35\" aria-label=\"35\" class=\"lazyload img-responsive wp-image-3239\" srcset=\"data:image\/svg+xml,%3Csvg%20xmlns%3D%27http%3A%2F%2Fwww.w3.org%2F2000%2Fsvg%27%20width%3D%27600%27%20height%3D%27600%27%20viewBox%3D%270%200%20600%20600%27%3E%3Crect%20width%3D%27600%27%20height%3D%27600%27%20fill-opacity%3D%220%22%2F%3E%3C%2Fsvg%3E\" data-srcset=\"https:\/\/beylini.com\/wp-content\/uploads\/2024\/04\/35-200x200.jpg 200w, https:\/\/beylini.com\/wp-content\/uploads\/2024\/04\/35-400x400.jpg 400w, https:\/\/beylini.com\/wp-content\/uploads\/2024\/04\/35.jpg 600w\" data-sizes=\"auto\" data-orig-sizes=\"(min-width: 2200px) 100vw, (min-width: 712px) 628px, (min-width: 640px) 712px, \" \/><\/a><\/div><\/div><div class=\"clearfix\"><\/div><div style=\"padding:5px;\" class=\"fusion-grid-column fusion-gallery-column fusion-gallery-column-2\"><div class=\"fusion-gallery-image fusion-gallery-image-liftup\"><a href=\"https:\/\/beylini.com\/wp-content\/uploads\/2024\/04\/34.jpg\" rel=\"noreferrer\" data-rel=\"iLightbox[gallery_image_1]\" class=\"fusion-lightbox\" target=\"_self\"><img decoding=\"async\" src=\"https:\/\/beylini.com\/wp-content\/uploads\/2024\/04\/34.jpg\" data-orig-src=\"https:\/\/beylini.com\/wp-content\/uploads\/2024\/04\/34.jpg\" width=\"600\" height=\"600\" alt=\"\" title=\"34\" aria-label=\"34\" class=\"lazyload img-responsive wp-image-3237\" srcset=\"data:image\/svg+xml,%3Csvg%20xmlns%3D%27http%3A%2F%2Fwww.w3.org%2F2000%2Fsvg%27%20width%3D%27600%27%20height%3D%27600%27%20viewBox%3D%270%200%20600%20600%27%3E%3Crect%20width%3D%27600%27%20height%3D%27600%27%20fill-opacity%3D%220%22%2F%3E%3C%2Fsvg%3E\" data-srcset=\"https:\/\/beylini.com\/wp-content\/uploads\/2024\/04\/34-200x200.jpg 200w, https:\/\/beylini.com\/wp-content\/uploads\/2024\/04\/34-400x400.jpg 400w, https:\/\/beylini.com\/wp-content\/uploads\/2024\/04\/34.jpg 600w\" data-sizes=\"auto\" data-orig-sizes=\"(min-width: 2200px) 100vw, (min-width: 712px) 628px, (min-width: 640px) 712px, \" \/><\/a><\/div><\/div><div style=\"padding:5px;\" class=\"fusion-grid-column fusion-gallery-column fusion-gallery-column-2\"><div class=\"fusion-gallery-image fusion-gallery-image-liftup\"><a href=\"https:\/\/beylini.com\/wp-content\/uploads\/2024\/04\/33.jpg\" rel=\"noreferrer\" data-rel=\"iLightbox[gallery_image_1]\" class=\"fusion-lightbox\" target=\"_self\"><img decoding=\"async\" src=\"https:\/\/beylini.com\/wp-content\/uploads\/2024\/04\/33.jpg\" data-orig-src=\"https:\/\/beylini.com\/wp-content\/uploads\/2024\/04\/33.jpg\" width=\"600\" height=\"600\" alt=\"\" title=\"33\" aria-label=\"33\" class=\"lazyload img-responsive wp-image-3235\" srcset=\"data:image\/svg+xml,%3Csvg%20xmlns%3D%27http%3A%2F%2Fwww.w3.org%2F2000%2Fsvg%27%20width%3D%27600%27%20height%3D%27600%27%20viewBox%3D%270%200%20600%20600%27%3E%3Crect%20width%3D%27600%27%20height%3D%27600%27%20fill-opacity%3D%220%22%2F%3E%3C%2Fsvg%3E\" data-srcset=\"https:\/\/beylini.com\/wp-content\/uploads\/2024\/04\/33-200x200.jpg 200w, https:\/\/beylini.com\/wp-content\/uploads\/2024\/04\/33-400x400.jpg 400w, https:\/\/beylini.com\/wp-content\/uploads\/2024\/04\/33.jpg 600w\" data-sizes=\"auto\" data-orig-sizes=\"(min-width: 2200px) 100vw, (min-width: 712px) 628px, (min-width: 640px) 712px, \" \/><\/a><\/div><\/div><div class=\"clearfix\"><\/div><\/div><\/div><style type=\"text\/css\">.fusion-body .fusion-builder-column-3{width:50% !important;margin-top : 20px;margin-bottom : 20px;}.fusion-builder-column-3 > .fusion-column-wrapper {padding-top : 0px !important;padding-right : 0px !important;margin-right : 3.84%;padding-bottom : 0px !important;padding-left : 0px !important;margin-left : 3.84%;}@media only screen and (max-width:1200px) {.fusion-body .fusion-builder-column-3{width:50% !important;order : 0;}.fusion-builder-column-3 > .fusion-column-wrapper {margin-right : 3.84%;margin-left : 3.84%;}}@media only screen and (max-width:640px) {.fusion-body .fusion-builder-column-3{width:100% !important;order : 0;}.fusion-builder-column-3 > .fusion-column-wrapper {margin-right : 1.92%;margin-left : 1.92%;}}<\/style><\/div><\/div><style type=\"text\/css\">.fusion-body .fusion-flex-container.fusion-builder-row-2{ padding-top : 0px;margin-top : 0px;padding-right : 0px;padding-bottom : 0px;margin-bottom : 0px;padding-left : 0px;}<\/style><\/div><\/p>\n","protected":false},"excerpt":{"rendered":"","protected":false},"author":1,"featured_media":0,"parent":0,"menu_order":0,"comment_status":"closed","ping_status":"closed","template":"","meta":{"footnotes":""},"class_list":["post-2899","page","type-page","status-publish","hentry"],"yoast_head":"<!-- This site is optimized with the Yoast SEO plugin v22.4 - https:\/\/yoast.com\/wordpress\/plugins\/seo\/ -->\n<title>Bebek Bezi Caddy - Beylini<\/title>\n<meta name=\"robots\" content=\"index, follow, max-snippet:-1, max-image-preview:large, max-video-preview:-1\" \/>\n<link rel=\"canonical\" href=\"https:\/\/beylini.com\/tr\/bebek-bezi-caddy\/\" \/>\n<meta property=\"og:locale\" content=\"tr_TR\" \/>\n<meta property=\"og:type\" content=\"article\" \/>\n<meta property=\"og:title\" content=\"Bebek Bezi Caddy - Beylini\" \/>\n<meta property=\"og:url\" content=\"https:\/\/beylini.com\/tr\/bebek-bezi-caddy\/\" \/>\n<meta property=\"og:site_name\" content=\"Beylini\" \/>\n<meta property=\"article:modified_time\" content=\"2024-04-28T01:08:13+00:00\" \/>\n<meta name=\"twitter:card\" content=\"summary_large_image\" \/>\n<meta name=\"twitter:label1\" content=\"Tahmini okuma s\u00fcresi\" \/>\n\t<meta name=\"twitter:data1\" content=\"15 dakika\" \/>\n<script type=\"application\/ld+json\" class=\"yoast-schema-graph\">{\"@context\":\"https:\/\/schema.org\",\"@graph\":[{\"@type\":\"WebPage\",\"@id\":\"https:\/\/beylini.com\/tr\/bebek-bezi-caddy\/\",\"url\":\"https:\/\/beylini.com\/tr\/bebek-bezi-caddy\/\",\"name\":\"Bebek Bezi Caddy - Beylini\",\"isPartOf\":{\"@id\":\"https:\/\/beylini.com\/tr\/#website\"},\"datePublished\":\"2024-03-07T21:34:53+00:00\",\"dateModified\":\"2024-04-28T01:08:13+00:00\",\"breadcrumb\":{\"@id\":\"https:\/\/beylini.com\/tr\/bebek-bezi-caddy\/#breadcrumb\"},\"inLanguage\":\"tr\",\"potentialAction\":[{\"@type\":\"ReadAction\",\"target\":[\"https:\/\/beylini.com\/tr\/bebek-bezi-caddy\/\"]}]},{\"@type\":\"BreadcrumbList\",\"@id\":\"https:\/\/beylini.com\/tr\/bebek-bezi-caddy\/#breadcrumb\",\"itemListElement\":[{\"@type\":\"ListItem\",\"position\":1,\"name\":\"Anasayfa\",\"item\":\"https:\/\/beylini.com\/tr\/\"},{\"@type\":\"ListItem\",\"position\":2,\"name\":\"Bebek Bezi Caddy\"}]},{\"@type\":\"WebSite\",\"@id\":\"https:\/\/beylini.com\/tr\/#website\",\"url\":\"https:\/\/beylini.com\/tr\/\",\"name\":\"Beylini\",\"description\":\"Beylini\",\"publisher\":{\"@id\":\"https:\/\/beylini.com\/tr\/#organization\"},\"potentialAction\":[{\"@type\":\"SearchAction\",\"target\":{\"@type\":\"EntryPoint\",\"urlTemplate\":\"https:\/\/beylini.com\/tr\/?s={search_term_string}\"},\"query-input\":\"required name=search_term_string\"}],\"inLanguage\":\"tr\"},{\"@type\":\"Organization\",\"@id\":\"https:\/\/beylini.com\/tr\/#organization\",\"name\":\"Beylini\",\"url\":\"https:\/\/beylini.com\/tr\/\",\"logo\":{\"@type\":\"ImageObject\",\"inLanguage\":\"tr\",\"@id\":\"https:\/\/beylini.com\/tr\/#\/schema\/logo\/image\/\",\"url\":\"http:\/\/beylini.com\/wp-content\/uploads\/2021\/12\/Untitled-design-3.png\",\"contentUrl\":\"http:\/\/beylini.com\/wp-content\/uploads\/2021\/12\/Untitled-design-3.png\",\"width\":684,\"height\":408,\"caption\":\"Beylini\"},\"image\":{\"@id\":\"https:\/\/beylini.com\/tr\/#\/schema\/logo\/image\/\"}}]}<\/script>\n<!-- \/ Yoast SEO plugin. -->","yoast_head_json":{"title":"Bebek Bezi Caddy - Beylini","robots":{"index":"index","follow":"follow","max-snippet":"max-snippet:-1","max-image-preview":"max-image-preview:large","max-video-preview":"max-video-preview:-1"},"canonical":"https:\/\/beylini.com\/tr\/bebek-bezi-caddy\/","og_locale":"tr_TR","og_type":"article","og_title":"Bebek Bezi Caddy - Beylini","og_url":"https:\/\/beylini.com\/tr\/bebek-bezi-caddy\/","og_site_name":"Beylini","article_modified_time":"2024-04-28T01:08:13+00:00","twitter_card":"summary_large_image","twitter_misc":{"Tahmini okuma s\u00fcresi":"15 dakika"},"schema":{"@context":"https:\/\/schema.org","@graph":[{"@type":"WebPage","@id":"https:\/\/beylini.com\/tr\/bebek-bezi-caddy\/","url":"https:\/\/beylini.com\/tr\/bebek-bezi-caddy\/","name":"Bebek Bezi Caddy - Beylini","isPartOf":{"@id":"https:\/\/beylini.com\/tr\/#website"},"datePublished":"2024-03-07T21:34:53+00:00","dateModified":"2024-04-28T01:08:13+00:00","breadcrumb":{"@id":"https:\/\/beylini.com\/tr\/bebek-bezi-caddy\/#breadcrumb"},"inLanguage":"tr","potentialAction":[{"@type":"ReadAction","target":["https:\/\/beylini.com\/tr\/bebek-bezi-caddy\/"]}]},{"@type":"BreadcrumbList","@id":"https:\/\/beylini.com\/tr\/bebek-bezi-caddy\/#breadcrumb","itemListElement":[{"@type":"ListItem","position":1,"name":"Anasayfa","item":"https:\/\/beylini.com\/tr\/"},{"@type":"ListItem","position":2,"name":"Bebek Bezi Caddy"}]},{"@type":"WebSite","@id":"https:\/\/beylini.com\/tr\/#website","url":"https:\/\/beylini.com\/tr\/","name":"Beylini","description":"Beylini","publisher":{"@id":"https:\/\/beylini.com\/tr\/#organization"},"potentialAction":[{"@type":"SearchAction","target":{"@type":"EntryPoint","urlTemplate":"https:\/\/beylini.com\/tr\/?s={search_term_string}"},"query-input":"required name=search_term_string"}],"inLanguage":"tr"},{"@type":"Organization","@id":"https:\/\/beylini.com\/tr\/#organization","name":"Beylini","url":"https:\/\/beylini.com\/tr\/","logo":{"@type":"ImageObject","inLanguage":"tr","@id":"https:\/\/beylini.com\/tr\/#\/schema\/logo\/image\/","url":"http:\/\/beylini.com\/wp-content\/uploads\/2021\/12\/Untitled-design-3.png","contentUrl":"http:\/\/beylini.com\/wp-content\/uploads\/2021\/12\/Untitled-design-3.png","width":684,"height":408,"caption":"Beylini"},"image":{"@id":"https:\/\/beylini.com\/tr\/#\/schema\/logo\/image\/"}}]}},"_links":{"self":[{"href":"https:\/\/beylini.com\/tr\/wp-json\/wp\/v2\/pages\/2899","targetHints":{"allow":["GET"]}}],"collection":[{"href":"https:\/\/beylini.com\/tr\/wp-json\/wp\/v2\/pages"}],"about":[{"href":"https:\/\/beylini.com\/tr\/wp-json\/wp\/v2\/types\/page"}],"author":[{"embeddable":true,"href":"https:\/\/beylini.com\/tr\/wp-json\/wp\/v2\/users\/1"}],"replies":[{"embeddable":true,"href":"https:\/\/beylini.com\/tr\/wp-json\/wp\/v2\/comments?post=2899"}],"version-history":[{"count":45,"href":"https:\/\/beylini.com\/tr\/wp-json\/wp\/v2\/pages\/2899\/revisions"}],"predecessor-version":[{"id":3280,"href":"https:\/\/beylini.com\/tr\/wp-json\/wp\/v2\/pages\/2899\/revisions\/3280"}],"wp:attachment":[{"href":"https:\/\/beylini.com\/tr\/wp-json\/wp\/v2\/media?parent=2899"}],"curies":[{"name":"wp","href":"https:\/\/api.w.org\/{rel}","templated":true}]}}