{"id":2911,"date":"2020-08-19T16:08:38","date_gmt":"2020-08-19T16:08:38","guid":{"rendered":"https:\/\/beylini.com\/beylini-home\/"},"modified":"2024-04-20T22:15:15","modified_gmt":"2024-04-20T22:15:15","slug":"beylini-home","status":"publish","type":"page","link":"https:\/\/beylini.com\/tr\/","title":{"rendered":"Anasayfa"},"content":{"rendered":"<p><div class=\"fusion-fullwidth fullwidth-box fusion-builder-row-1 fusion-flex-container nonhundred-percent-fullwidth non-hundred-percent-height-scrolling\" style=\"background-color: rgba(255,255,255,0);background-position: center center;background-repeat: no-repeat;border-width: 0px 0px 0px 0px;border-color:#e8ebef;border-style:solid;\" ><div class=\"fusion-builder-row fusion-row fusion-flex-align-items-flex-start\" style=\"max-width:1310.4px;margin-left: calc(-4% \/ 2 );margin-right: calc(-4% \/ 2 );\"><div class=\"fusion-layout-column fusion_builder_column fusion-builder-column-0 fusion_builder_column_1_2 1_2 fusion-flex-column\"><div class=\"fusion-column-wrapper fusion-flex-justify-content-flex-start fusion-content-layout-column\" style=\"background-position:left top;background-repeat:no-repeat;-webkit-background-size:cover;-moz-background-size:cover;-o-background-size:cover;background-size:cover;padding: 64px 0px 0px 0px;\"><div ><span class=\" fusion-imageframe imageframe-dropshadow imageframe-1 hover-type-none\" style=\"border-radius:12px;-webkit-box-shadow: 3px 3px 7px rgba(0,0,0,0.3);box-shadow: 3px 3px 7px rgba(0,0,0,0.3);\"><img decoding=\"async\" width=\"600\" height=\"300\" title=\"beylini\" src=\"https:\/\/beylini.com\/wp-content\/uploads\/2024\/03\/beylini-1.png\" data-orig-src=\"http:\/\/beylini.com\/wp-content\/uploads\/2024\/03\/beylini-1.png\" alt class=\"lazyload img-responsive wp-image-2898\" srcset=\"data:image\/svg+xml,%3Csvg%20xmlns%3D%27http%3A%2F%2Fwww.w3.org%2F2000%2Fsvg%27%20width%3D%27600%27%20height%3D%27300%27%20viewBox%3D%270%200%20600%20300%27%3E%3Crect%20width%3D%27600%27%20height%3D%27300%27%20fill-opacity%3D%220%22%2F%3E%3C%2Fsvg%3E\" data-srcset=\"https:\/\/beylini.com\/wp-content\/uploads\/2024\/03\/beylini-1-200x100.png 200w, https:\/\/beylini.com\/wp-content\/uploads\/2024\/03\/beylini-1-400x200.png 400w, https:\/\/beylini.com\/wp-content\/uploads\/2024\/03\/beylini-1.png 600w\" data-sizes=\"auto\" data-orig-sizes=\"(max-width: 640px) 100vw, 600px\" \/><\/span><\/div><\/div><style type=\"text\/css\">.fusion-body .fusion-builder-column-0{width:50% !important;margin-top : 20px;margin-bottom : 20px;}.fusion-builder-column-0 > .fusion-column-wrapper {padding-top : 64px !important;padding-right : 0px !important;margin-right : 3.84%;padding-bottom : 0px !important;padding-left : 0px !important;margin-left : 3.84%;}@media only screen and (max-width:1200px) {.fusion-body .fusion-builder-column-0{width:50% !important;order : 0;}.fusion-builder-column-0 > .fusion-column-wrapper {margin-right : 3.84%;margin-left : 3.84%;}}@media only screen and (max-width:640px) {.fusion-body .fusion-builder-column-0{width:100% !important;order : 0;}.fusion-builder-column-0 > .fusion-column-wrapper {margin-right : 1.92%;margin-left : 1.92%;}}<\/style><\/div><div class=\"fusion-layout-column fusion_builder_column fusion-builder-column-1 fusion_builder_column_1_2 1_2 fusion-flex-column\"><div class=\"fusion-column-wrapper fusion-flex-justify-content-flex-start fusion-content-layout-column\" style=\"background-position:left top;background-repeat:no-repeat;-webkit-background-size:cover;-moz-background-size:cover;-o-background-size:cover;background-size:cover;padding: 0px 0px 0px 0px;\"><style type=\"text\/css\">@media only screen and (max-width:1200px) {.fusion-title.fusion-title-1{margin-top:10px!important; margin-right:0px!important;margin-bottom:20px!important;margin-left:0px!important;}}@media only screen and (max-width:640px) {.fusion-title.fusion-title-1{margin-top:10px!important; margin-right:0px!important;margin-bottom:20px!important; margin-left:0px!important;}}<\/style><div class=\"fusion-title title fusion-title-1 fusion-sep-none fusion-title-text fusion-title-size-three\" style=\"margin-top:10px;margin-right:0px;margin-bottom:20px;margin-left:0px;\"><h3 class=\"title-heading-left fusion-responsive-typography-calculated\" style=\"margin:0;--fontSize:36;line-height:1.3;\">B\u0130Z K\u0130M\u0130Z?<\/h3><\/div><div class=\"fusion-text fusion-text-1\"><p>Y\u0131llar \u00f6nce ayn\u0131 ortak misyon, vizyon ve hedefleri belirlemi\u015f 3 gen\u00e7 giri\u015fimcinin yollar\u0131n\u0131n 2015 y\u0131l\u0131nda kesi\u015fmesiyle hayat bulan Beylini Markas\u0131, ticari hayat\u0131na ilk olarak E-ticaret sat\u0131\u015f\u0131 ve dan\u0131\u015fmanl\u0131k hizmetleriyle ba\u015flad\u0131. Sonras\u0131nda Mali M\u00fc\u015favirlik, \u00dcretim, Uluslararas\u0131 Ticaret, Yaz\u0131l\u0131m, Tedarik Zinciri \u00c7\u00f6z\u00fcm Dan\u0131\u015fmanl\u0131\u011f\u0131, Global E-Ticaret Dan\u0131\u015fmanl\u0131\u011f\u0131, \u0130n\u015faat ve yat\u0131r\u0131m ortakl\u0131\u011f\u0131 gibi alanlarda \u00e7ok h\u0131zl\u0131 bir b\u00fcy\u00fcme ile \u00e7ok geni\u015f bir i\u015f portf\u00f6y\u00fcne sahip olmu\u015ftur.<\/p>\n<\/div><\/div><style type=\"text\/css\">.fusion-body .fusion-builder-column-1{width:50% !important;margin-top : 20px;margin-bottom : 20px;}.fusion-builder-column-1 > .fusion-column-wrapper {padding-top : 0px !important;padding-right : 0px !important;margin-right : 3.84%;padding-bottom : 0px !important;padding-left : 0px !important;margin-left : 3.84%;}@media only screen and (max-width:1200px) {.fusion-body .fusion-builder-column-1{width:50% !important;order : 0;}.fusion-builder-column-1 > .fusion-column-wrapper {margin-right : 3.84%;margin-left : 3.84%;}}@media only screen and (max-width:640px) {.fusion-body .fusion-builder-column-1{width:100% !important;order : 0;}.fusion-builder-column-1 > .fusion-column-wrapper {margin-right : 1.92%;margin-left : 1.92%;}}<\/style><\/div><\/div><style type=\"text\/css\">.fusion-body .fusion-flex-container.fusion-builder-row-1{ padding-top : 0px;margin-top : 0px;padding-right : 0px;padding-bottom : 0px;margin-bottom : 0px;padding-left : 0px;}<\/style><\/div><div class=\"fusion-fullwidth fullwidth-box fusion-builder-row-2 fusion-flex-container nonhundred-percent-fullwidth non-hundred-percent-height-scrolling\" style=\"background-color: rgba(255,255,255,0);background-position: center center;background-repeat: no-repeat;border-width: 0px 0px 0px 0px;border-color:#e8ebef;border-style:solid;\" ><div class=\"fusion-builder-row fusion-row fusion-flex-align-items-flex-start\" style=\"max-width:1310.4px;margin-left: calc(-4% \/ 2 );margin-right: calc(-4% \/ 2 );\"><div class=\"fusion-layout-column fusion_builder_column fusion-builder-column-2 fusion_builder_column_1_1 1_1 fusion-flex-column\"><div class=\"fusion-column-wrapper fusion-flex-justify-content-flex-start fusion-content-layout-column\" style=\"background-position:left top;background-repeat:no-repeat;-webkit-background-size:cover;-moz-background-size:cover;-o-background-size:cover;background-size:cover;padding: 0px 0px 0px 0px;\"><style type=\"text\/css\">.fusion-gallery-1 .fusion-gallery-image {border:0px solid #e2e2e2;}.fusion-gallery.fusion-gallery-1 .awb-imageframe-style{background:#ffb300;}<\/style><div class=\"fusion-gallery fusion-gallery-container fusion-grid-6 fusion-columns-total-6 fusion-gallery-layout-grid fusion-gallery-1\" style=\"margin:-5px;\"><div style=\"padding:5px;\" class=\"fusion-grid-column fusion-gallery-column fusion-gallery-column-6\"><div class=\"fusion-gallery-image awb-imageframe-style awb-imageframe-style-dario\"><img decoding=\"async\" src=\"https:\/\/beylini.com\/wp-content\/uploads\/2024\/03\/22.png\" data-orig-src=\"https:\/\/beylini.com\/wp-content\/uploads\/2024\/03\/22.png\" width=\"300\" height=\"300\" alt=\"\" title=\"22\" aria-label=\"22\" class=\"lazyload img-responsive wp-image-2540\" srcset=\"data:image\/svg+xml,%3Csvg%20xmlns%3D%27http%3A%2F%2Fwww.w3.org%2F2000%2Fsvg%27%20width%3D%27300%27%20height%3D%27300%27%20viewBox%3D%270%200%20300%20300%27%3E%3Crect%20width%3D%27300%27%20height%3D%27300%27%20fill-opacity%3D%220%22%2F%3E%3C%2Fsvg%3E\" data-srcset=\"https:\/\/beylini.com\/wp-content\/uploads\/2024\/03\/22-200x200.png 200w, https:\/\/beylini.com\/wp-content\/uploads\/2024\/03\/22.png 300w\" data-sizes=\"auto\" data-orig-sizes=\"(min-width: 2200px) 100vw, (min-width: 1000px) 206px, (min-width: 928px) 247px, (min-width: 856px) 309px, (min-width: 784px) 412px, (min-width: 712px) 618px, (min-width: 640px) 712px, \" \/><div class=\"awb-imageframe-caption-container\"><div class=\"awb-imageframe-caption\"><h4 class=\"awb-imageframe-caption-title\">EV &amp; BAH\u00c7E<\/h4><\/div><\/div><\/div><\/div><div style=\"padding:5px;\" class=\"fusion-grid-column fusion-gallery-column fusion-gallery-column-6\"><div class=\"fusion-gallery-image awb-imageframe-style awb-imageframe-style-dario\"><img decoding=\"async\" src=\"https:\/\/beylini.com\/wp-content\/uploads\/2022\/01\/DSC_0415_3-655x545-1-e1711285098537.jpg\" data-orig-src=\"https:\/\/beylini.com\/wp-content\/uploads\/2022\/01\/DSC_0415_3-655x545-1-e1711285098537.jpg\" width=\"534\" height=\"534\" alt=\"\" title=\"DSC_0415_3-655&#215;545\" aria-label=\"DSC_0415_3-655&#215;545\" class=\"lazyload img-responsive wp-image-2180\" srcset=\"data:image\/svg+xml,%3Csvg%20xmlns%3D%27http%3A%2F%2Fwww.w3.org%2F2000%2Fsvg%27%20width%3D%27534%27%20height%3D%27534%27%20viewBox%3D%270%200%20534%20534%27%3E%3Crect%20width%3D%27534%27%20height%3D%27534%27%20fill-opacity%3D%220%22%2F%3E%3C%2Fsvg%3E\" data-srcset=\"https:\/\/beylini.com\/wp-content\/uploads\/2022\/01\/DSC_0415_3-655x545-1-e1711285098537-200x200.jpg 200w, https:\/\/beylini.com\/wp-content\/uploads\/2022\/01\/DSC_0415_3-655x545-1-e1711285098537-400x400.jpg 400w, https:\/\/beylini.com\/wp-content\/uploads\/2022\/01\/DSC_0415_3-655x545-1-e1711285098537.jpg 534w\" data-sizes=\"auto\" data-orig-sizes=\"(min-width: 2200px) 100vw, (min-width: 1000px) 206px, (min-width: 928px) 247px, (min-width: 856px) 309px, (min-width: 784px) 412px, (min-width: 712px) 618px, (min-width: 640px) 712px, \" \/><div class=\"awb-imageframe-caption-container\"><div class=\"awb-imageframe-caption\"><h4 class=\"awb-imageframe-caption-title\">FUAR HALISI<\/h4><\/div><\/div><\/div><\/div><div style=\"padding:5px;\" class=\"fusion-grid-column fusion-gallery-column fusion-gallery-column-6\"><div class=\"fusion-gallery-image awb-imageframe-style awb-imageframe-style-dario\"><img decoding=\"async\" src=\"data:image\/svg+xml,%3Csvg%20xmlns%3D%27http%3A%2F%2Fwww.w3.org%2F2000%2Fsvg%27%20width%3D%27682%27%20height%3D%27682%27%20viewBox%3D%270%200%20682%20682%27%3E%3Crect%20width%3D%27682%27%20height%3D%27682%27%20fill-opacity%3D%220%22%2F%3E%3C%2Fsvg%3E\" data-orig-src=\"https:\/\/beylini.com\/wp-content\/uploads\/2022\/01\/felt-fabric-expo-export-carpet-e1641245594539.jpg\" width=\"682\" height=\"682\" alt=\"\" title=\"felt fabric expo export carpet\" aria-label=\"felt fabric expo export carpet\" class=\"lazyload img-responsive wp-image-2081\" \/><div class=\"awb-imageframe-caption-container\"><div class=\"awb-imageframe-caption\"><h4 class=\"awb-imageframe-caption-title\">KE\u00c7E \u00dcR\u00dcNLER<\/h4><\/div><\/div><\/div><\/div><div style=\"padding:5px;\" class=\"fusion-grid-column fusion-gallery-column fusion-gallery-column-6\"><div class=\"fusion-gallery-image awb-imageframe-style awb-imageframe-style-dario\"><img decoding=\"async\" src=\"https:\/\/beylini.com\/wp-content\/uploads\/2024\/03\/23.png\" data-orig-src=\"https:\/\/beylini.com\/wp-content\/uploads\/2024\/03\/23.png\" width=\"300\" height=\"300\" alt=\"\" title=\"23\" aria-label=\"23\" class=\"lazyload img-responsive wp-image-2547\" srcset=\"data:image\/svg+xml,%3Csvg%20xmlns%3D%27http%3A%2F%2Fwww.w3.org%2F2000%2Fsvg%27%20width%3D%27300%27%20height%3D%27300%27%20viewBox%3D%270%200%20300%20300%27%3E%3Crect%20width%3D%27300%27%20height%3D%27300%27%20fill-opacity%3D%220%22%2F%3E%3C%2Fsvg%3E\" data-srcset=\"https:\/\/beylini.com\/wp-content\/uploads\/2024\/03\/23-200x200.png 200w, https:\/\/beylini.com\/wp-content\/uploads\/2024\/03\/23.png 300w\" data-sizes=\"auto\" data-orig-sizes=\"(min-width: 2200px) 100vw, (min-width: 1000px) 206px, (min-width: 928px) 247px, (min-width: 856px) 309px, (min-width: 784px) 412px, (min-width: 712px) 618px, (min-width: 640px) 712px, \" \/><div class=\"awb-imageframe-caption-container\"><div class=\"awb-imageframe-caption\"><h4 class=\"awb-imageframe-caption-title\">ORGAN\u0130ZER<\/h4><\/div><\/div><\/div><\/div><div style=\"padding:5px;\" class=\"fusion-grid-column fusion-gallery-column fusion-gallery-column-6\"><div class=\"fusion-gallery-image awb-imageframe-style awb-imageframe-style-dario\"><img decoding=\"async\" src=\"https:\/\/beylini.com\/wp-content\/uploads\/2024\/03\/26.png\" data-orig-src=\"https:\/\/beylini.com\/wp-content\/uploads\/2024\/03\/26.png\" width=\"300\" height=\"300\" alt=\"\" title=\"26\" aria-label=\"26\" class=\"lazyload img-responsive wp-image-2552\" srcset=\"data:image\/svg+xml,%3Csvg%20xmlns%3D%27http%3A%2F%2Fwww.w3.org%2F2000%2Fsvg%27%20width%3D%27300%27%20height%3D%27300%27%20viewBox%3D%270%200%20300%20300%27%3E%3Crect%20width%3D%27300%27%20height%3D%27300%27%20fill-opacity%3D%220%22%2F%3E%3C%2Fsvg%3E\" data-srcset=\"https:\/\/beylini.com\/wp-content\/uploads\/2024\/03\/26-200x200.png 200w, https:\/\/beylini.com\/wp-content\/uploads\/2024\/03\/26.png 300w\" data-sizes=\"auto\" data-orig-sizes=\"(min-width: 2200px) 100vw, (min-width: 1000px) 206px, (min-width: 928px) 247px, (min-width: 856px) 309px, (min-width: 784px) 412px, (min-width: 712px) 618px, (min-width: 640px) 712px, \" \/><div class=\"awb-imageframe-caption-container\"><div class=\"awb-imageframe-caption\"><h4 class=\"awb-imageframe-caption-title\">PET \u00dcR\u00dcNLERI\u0307<\/h4><\/div><\/div><\/div><\/div><div style=\"padding:5px;\" class=\"fusion-grid-column fusion-gallery-column fusion-gallery-column-6\"><div class=\"fusion-gallery-image awb-imageframe-style awb-imageframe-style-dario\"><img decoding=\"async\" src=\"https:\/\/beylini.com\/wp-content\/uploads\/2023\/11\/car-mat-carpet-1.png\" data-orig-src=\"https:\/\/beylini.com\/wp-content\/uploads\/2023\/11\/car-mat-carpet-1.png\" width=\"600\" height=\"600\" alt=\"\" title=\"car-mat-carpet-1\" aria-label=\"car-mat-carpet-1\" class=\"lazyload img-responsive wp-image-2388\" srcset=\"data:image\/svg+xml,%3Csvg%20xmlns%3D%27http%3A%2F%2Fwww.w3.org%2F2000%2Fsvg%27%20width%3D%27600%27%20height%3D%27600%27%20viewBox%3D%270%200%20600%20600%27%3E%3Crect%20width%3D%27600%27%20height%3D%27600%27%20fill-opacity%3D%220%22%2F%3E%3C%2Fsvg%3E\" data-srcset=\"https:\/\/beylini.com\/wp-content\/uploads\/2023\/11\/car-mat-carpet-1-200x200.png 200w, https:\/\/beylini.com\/wp-content\/uploads\/2023\/11\/car-mat-carpet-1-400x400.png 400w, https:\/\/beylini.com\/wp-content\/uploads\/2023\/11\/car-mat-carpet-1.png 600w\" data-sizes=\"auto\" data-orig-sizes=\"(min-width: 2200px) 100vw, (min-width: 1000px) 206px, (min-width: 928px) 247px, (min-width: 856px) 309px, (min-width: 784px) 412px, (min-width: 712px) 618px, (min-width: 640px) 712px, \" \/><div class=\"awb-imageframe-caption-container\"><div class=\"awb-imageframe-caption\"><h4 class=\"awb-imageframe-caption-title\">OTO &amp; GARAJ<\/h4><\/div><\/div><\/div><\/div><div class=\"clearfix\"><\/div><\/div><\/div><style type=\"text\/css\">.fusion-body .fusion-builder-column-2{width:100% !important;margin-top : 20px;margin-bottom : 20px;}.fusion-builder-column-2 > .fusion-column-wrapper {padding-top : 0px !important;padding-right : 0px !important;margin-right : 1.92%;padding-bottom : 0px !important;padding-left : 0px !important;margin-left : 1.92%;}@media only screen and (max-width:1200px) {.fusion-body .fusion-builder-column-2{width:100% !important;order : 0;}.fusion-builder-column-2 > .fusion-column-wrapper {margin-right : 1.92%;margin-left : 1.92%;}}@media only screen and (max-width:640px) {.fusion-body .fusion-builder-column-2{width:100% !important;order : 0;}.fusion-builder-column-2 > .fusion-column-wrapper {margin-right : 1.92%;margin-left : 1.92%;}}<\/style><\/div><\/div><style type=\"text\/css\">.fusion-body .fusion-flex-container.fusion-builder-row-2{ padding-top : 0px;margin-top : 0px;padding-right : 0px;padding-bottom : 0px;margin-bottom : 0px;padding-left : 0px;}<\/style><\/div><\/p>\n","protected":false},"excerpt":{"rendered":"","protected":false},"author":1,"featured_media":0,"parent":0,"menu_order":0,"comment_status":"closed","ping_status":"closed","template":"100-width.php","meta":{"footnotes":""},"class_list":["post-2911","page","type-page","status-publish","hentry"],"yoast_head":"<!-- This site is optimized with the Yoast SEO plugin v22.4 - https:\/\/yoast.com\/wordpress\/plugins\/seo\/ -->\n<title>Anasayfa - Fuar Hal\u0131s\u0131, Ke\u00e7e \u00dcr\u00fcnler, \u00dct\u00fc Masas\u0131 K\u0131l\u0131f\u0131..<\/title>\n<meta name=\"description\" content=\"Organizasyon Hal\u0131lar\u0131, Sergiler, D\u00fc\u011f\u00fcnler, Etkinlikler. sergi Ke\u00e7e hal\u0131 \u00fcr\u00fcnleri toptan \u00fcretim ihracat Dubai, Avrupa, Fas, hal\u0131fleks\" \/>\n<meta name=\"robots\" content=\"index, follow, max-snippet:-1, max-image-preview:large, max-video-preview:-1\" \/>\n<link rel=\"canonical\" href=\"https:\/\/beylini.com\/tr\/\" \/>\n<meta property=\"og:locale\" content=\"tr_TR\" \/>\n<meta property=\"og:type\" content=\"article\" \/>\n<meta property=\"og:title\" content=\"Anasayfa - Fuar Hal\u0131s\u0131, Ke\u00e7e \u00dcr\u00fcnler, \u00dct\u00fc Masas\u0131 K\u0131l\u0131f\u0131..\" \/>\n<meta property=\"og:description\" content=\"Organizasyon Hal\u0131lar\u0131, Sergiler, D\u00fc\u011f\u00fcnler, Etkinlikler. sergi Ke\u00e7e hal\u0131 \u00fcr\u00fcnleri toptan \u00fcretim ihracat Dubai, Avrupa, Fas, hal\u0131fleks\" \/>\n<meta property=\"og:url\" content=\"https:\/\/beylini.com\/tr\/\" \/>\n<meta property=\"og:site_name\" content=\"Beylini\" \/>\n<meta property=\"article:modified_time\" content=\"2024-04-20T22:15:15+00:00\" \/>\n<meta name=\"twitter:card\" content=\"summary_large_image\" \/>\n<meta name=\"twitter:label1\" content=\"Tahmini okuma s\u00fcresi\" \/>\n\t<meta name=\"twitter:data1\" content=\"3 dakika\" \/>\n<script type=\"application\/ld+json\" class=\"yoast-schema-graph\">{\"@context\":\"https:\/\/schema.org\",\"@graph\":[{\"@type\":\"WebPage\",\"@id\":\"https:\/\/beylini.com\/tr\/\",\"url\":\"https:\/\/beylini.com\/tr\/\",\"name\":\"Anasayfa - Fuar Hal\u0131s\u0131, Ke\u00e7e \u00dcr\u00fcnler, \u00dct\u00fc Masas\u0131 K\u0131l\u0131f\u0131..\",\"isPartOf\":{\"@id\":\"https:\/\/beylini.com\/tr\/#website\"},\"datePublished\":\"2020-08-19T16:08:38+00:00\",\"dateModified\":\"2024-04-20T22:15:15+00:00\",\"description\":\"Organizasyon Hal\u0131lar\u0131, Sergiler, D\u00fc\u011f\u00fcnler, Etkinlikler. sergi Ke\u00e7e hal\u0131 \u00fcr\u00fcnleri toptan \u00fcretim ihracat Dubai, Avrupa, Fas, hal\u0131fleks\",\"breadcrumb\":{\"@id\":\"https:\/\/beylini.com\/tr\/#breadcrumb\"},\"inLanguage\":\"tr\",\"potentialAction\":[{\"@type\":\"ReadAction\",\"target\":[\"https:\/\/beylini.com\/tr\/\"]}]},{\"@type\":\"BreadcrumbList\",\"@id\":\"https:\/\/beylini.com\/tr\/#breadcrumb\",\"itemListElement\":[{\"@type\":\"ListItem\",\"position\":1,\"name\":\"Anasayfa\",\"item\":\"https:\/\/beylini.com\/tr\/\"},{\"@type\":\"ListItem\",\"position\":2,\"name\":\"Anasayfa\"}]},{\"@type\":\"WebSite\",\"@id\":\"https:\/\/beylini.com\/tr\/#website\",\"url\":\"https:\/\/beylini.com\/tr\/\",\"name\":\"Beylini\",\"description\":\"Beylini\",\"publisher\":{\"@id\":\"https:\/\/beylini.com\/tr\/#organization\"},\"potentialAction\":[{\"@type\":\"SearchAction\",\"target\":{\"@type\":\"EntryPoint\",\"urlTemplate\":\"https:\/\/beylini.com\/tr\/?s={search_term_string}\"},\"query-input\":\"required name=search_term_string\"}],\"inLanguage\":\"tr\"},{\"@type\":\"Organization\",\"@id\":\"https:\/\/beylini.com\/tr\/#organization\",\"name\":\"Beylini\",\"url\":\"https:\/\/beylini.com\/tr\/\",\"logo\":{\"@type\":\"ImageObject\",\"inLanguage\":\"tr\",\"@id\":\"https:\/\/beylini.com\/tr\/#\/schema\/logo\/image\/\",\"url\":\"http:\/\/beylini.com\/wp-content\/uploads\/2021\/12\/Untitled-design-3.png\",\"contentUrl\":\"http:\/\/beylini.com\/wp-content\/uploads\/2021\/12\/Untitled-design-3.png\",\"width\":684,\"height\":408,\"caption\":\"Beylini\"},\"image\":{\"@id\":\"https:\/\/beylini.com\/tr\/#\/schema\/logo\/image\/\"}}]}<\/script>\n<!-- \/ Yoast SEO plugin. -->","yoast_head_json":{"title":"Anasayfa - Fuar Hal\u0131s\u0131, Ke\u00e7e \u00dcr\u00fcnler, \u00dct\u00fc Masas\u0131 K\u0131l\u0131f\u0131..","description":"Organizasyon Hal\u0131lar\u0131, Sergiler, D\u00fc\u011f\u00fcnler, Etkinlikler. sergi Ke\u00e7e hal\u0131 \u00fcr\u00fcnleri toptan \u00fcretim ihracat Dubai, Avrupa, Fas, hal\u0131fleks","robots":{"index":"index","follow":"follow","max-snippet":"max-snippet:-1","max-image-preview":"max-image-preview:large","max-video-preview":"max-video-preview:-1"},"canonical":"https:\/\/beylini.com\/tr\/","og_locale":"tr_TR","og_type":"article","og_title":"Anasayfa - Fuar Hal\u0131s\u0131, Ke\u00e7e \u00dcr\u00fcnler, \u00dct\u00fc Masas\u0131 K\u0131l\u0131f\u0131..","og_description":"Organizasyon Hal\u0131lar\u0131, Sergiler, D\u00fc\u011f\u00fcnler, Etkinlikler. sergi Ke\u00e7e hal\u0131 \u00fcr\u00fcnleri toptan \u00fcretim ihracat Dubai, Avrupa, Fas, hal\u0131fleks","og_url":"https:\/\/beylini.com\/tr\/","og_site_name":"Beylini","article_modified_time":"2024-04-20T22:15:15+00:00","twitter_card":"summary_large_image","twitter_misc":{"Tahmini okuma s\u00fcresi":"3 dakika"},"schema":{"@context":"https:\/\/schema.org","@graph":[{"@type":"WebPage","@id":"https:\/\/beylini.com\/tr\/","url":"https:\/\/beylini.com\/tr\/","name":"Anasayfa - Fuar Hal\u0131s\u0131, Ke\u00e7e \u00dcr\u00fcnler, \u00dct\u00fc Masas\u0131 K\u0131l\u0131f\u0131..","isPartOf":{"@id":"https:\/\/beylini.com\/tr\/#website"},"datePublished":"2020-08-19T16:08:38+00:00","dateModified":"2024-04-20T22:15:15+00:00","description":"Organizasyon Hal\u0131lar\u0131, Sergiler, D\u00fc\u011f\u00fcnler, Etkinlikler. sergi Ke\u00e7e hal\u0131 \u00fcr\u00fcnleri toptan \u00fcretim ihracat Dubai, Avrupa, Fas, hal\u0131fleks","breadcrumb":{"@id":"https:\/\/beylini.com\/tr\/#breadcrumb"},"inLanguage":"tr","potentialAction":[{"@type":"ReadAction","target":["https:\/\/beylini.com\/tr\/"]}]},{"@type":"BreadcrumbList","@id":"https:\/\/beylini.com\/tr\/#breadcrumb","itemListElement":[{"@type":"ListItem","position":1,"name":"Anasayfa","item":"https:\/\/beylini.com\/tr\/"},{"@type":"ListItem","position":2,"name":"Anasayfa"}]},{"@type":"WebSite","@id":"https:\/\/beylini.com\/tr\/#website","url":"https:\/\/beylini.com\/tr\/","name":"Beylini","description":"Beylini","publisher":{"@id":"https:\/\/beylini.com\/tr\/#organization"},"potentialAction":[{"@type":"SearchAction","target":{"@type":"EntryPoint","urlTemplate":"https:\/\/beylini.com\/tr\/?s={search_term_string}"},"query-input":"required name=search_term_string"}],"inLanguage":"tr"},{"@type":"Organization","@id":"https:\/\/beylini.com\/tr\/#organization","name":"Beylini","url":"https:\/\/beylini.com\/tr\/","logo":{"@type":"ImageObject","inLanguage":"tr","@id":"https:\/\/beylini.com\/tr\/#\/schema\/logo\/image\/","url":"http:\/\/beylini.com\/wp-content\/uploads\/2021\/12\/Untitled-design-3.png","contentUrl":"http:\/\/beylini.com\/wp-content\/uploads\/2021\/12\/Untitled-design-3.png","width":684,"height":408,"caption":"Beylini"},"image":{"@id":"https:\/\/beylini.com\/tr\/#\/schema\/logo\/image\/"}}]}},"_links":{"self":[{"href":"https:\/\/beylini.com\/tr\/wp-json\/wp\/v2\/pages\/2911","targetHints":{"allow":["GET"]}}],"collection":[{"href":"https:\/\/beylini.com\/tr\/wp-json\/wp\/v2\/pages"}],"about":[{"href":"https:\/\/beylini.com\/tr\/wp-json\/wp\/v2\/types\/page"}],"author":[{"embeddable":true,"href":"https:\/\/beylini.com\/tr\/wp-json\/wp\/v2\/users\/1"}],"replies":[{"embeddable":true,"href":"https:\/\/beylini.com\/tr\/wp-json\/wp\/v2\/comments?post=2911"}],"version-history":[{"count":9,"href":"https:\/\/beylini.com\/tr\/wp-json\/wp\/v2\/pages\/2911\/revisions"}],"predecessor-version":[{"id":3100,"href":"https:\/\/beylini.com\/tr\/wp-json\/wp\/v2\/pages\/2911\/revisions\/3100"}],"wp:attachment":[{"href":"https:\/\/beylini.com\/tr\/wp-json\/wp\/v2\/media?parent=2911"}],"curies":[{"name":"wp","href":"https:\/\/api.w.org\/{rel}","templated":true}]}}