{"id":2939,"date":"2024-03-10T21:57:04","date_gmt":"2024-03-10T21:57:04","guid":{"rendered":"https:\/\/beylini.com\/ev-bahce\/"},"modified":"2024-04-20T18:27:53","modified_gmt":"2024-04-20T18:27:53","slug":"ev-bahce","status":"publish","type":"page","link":"https:\/\/beylini.com\/tr\/ev-bahce\/","title":{"rendered":"Ev &amp; Bah\u00e7e"},"content":{"rendered":"<div class=\"fusion-fullwidth fullwidth-box fusion-builder-row-1 fusion-flex-container nonhundred-percent-fullwidth non-hundred-percent-height-scrolling\" style=\"background-color: rgba(255,255,255,0);background-position: center center;background-repeat: no-repeat;border-width: 0px 0px 0px 0px;border-color:#e8ebef;border-style:solid;\" ><div class=\"fusion-builder-row fusion-row fusion-flex-align-items-flex-start\" style=\"max-width:1310.4px;margin-left: calc(-4% \/ 2 );margin-right: calc(-4% \/ 2 );\"><div class=\"fusion-layout-column fusion_builder_column fusion-builder-column-0 fusion_builder_column_1_1 1_1 fusion-flex-column\"><div class=\"fusion-column-wrapper fusion-flex-justify-content-flex-start fusion-content-layout-column\" style=\"background-position:left top;background-repeat:no-repeat;-webkit-background-size:cover;-moz-background-size:cover;-o-background-size:cover;background-size:cover;padding: 0px 0px 0px 0px;\"><style type=\"text\/css\">.fusion-gallery-1 .fusion-gallery-image {border:0px solid #e2e2e2;}.awb-imageframe-style.awb-imageframe-style-1 .awb-imageframe-caption-container{margin-top:5px;margin-bottom:5px;}<\/style><div class=\"fusion-gallery fusion-gallery-container fusion-grid-4 fusion-columns-total-8 fusion-gallery-layout-grid fusion-gallery-1\" style=\"margin:-5px;\"><div style=\"padding:5px;\" class=\"fusion-grid-column fusion-gallery-column fusion-gallery-column-4 awb-imageframe-style awb-imageframe-style-below awb-imageframe-style-1\"><div class=\"fusion-gallery-image fusion-gallery-image-liftup\"><img decoding=\"async\" src=\"https:\/\/beylini.com\/wp-content\/uploads\/2024\/03\/21.png\" data-orig-src=\"https:\/\/beylini.com\/wp-content\/uploads\/2024\/03\/21.png\" width=\"300\" height=\"300\" alt=\"\" title=\"21\" aria-label=\"21\" class=\"lazyload img-responsive wp-image-2539\" srcset=\"data:image\/svg+xml,%3Csvg%20xmlns%3D%27http%3A%2F%2Fwww.w3.org%2F2000%2Fsvg%27%20width%3D%27300%27%20height%3D%27300%27%20viewBox%3D%270%200%20300%20300%27%3E%3Crect%20width%3D%27300%27%20height%3D%27300%27%20fill-opacity%3D%220%22%2F%3E%3C%2Fsvg%3E\" data-srcset=\"https:\/\/beylini.com\/wp-content\/uploads\/2024\/03\/21-200x200.png 200w, https:\/\/beylini.com\/wp-content\/uploads\/2024\/03\/21.png 300w\" data-sizes=\"auto\" data-orig-sizes=\"(min-width: 2200px) 100vw, (min-width: 856px) 311px, (min-width: 784px) 415px, (min-width: 712px) 623px, (min-width: 640px) 712px, \" \/><\/div><div class=\"awb-imageframe-caption-container\" style=\"text-align:center;\"><div class=\"awb-imageframe-caption\"><h5 class=\"awb-imageframe-caption-title\">\u00dct\u00fc Masas\u0131 K\u0131l\u0131f\u0131<\/h5><\/div><\/div><\/div><div style=\"padding:5px;\" class=\"fusion-grid-column fusion-gallery-column fusion-gallery-column-4 awb-imageframe-style awb-imageframe-style-below awb-imageframe-style-1\"><div class=\"fusion-gallery-image fusion-gallery-image-liftup\"><img decoding=\"async\" src=\"https:\/\/beylini.com\/wp-content\/uploads\/2024\/03\/30.png\" data-orig-src=\"https:\/\/beylini.com\/wp-content\/uploads\/2024\/03\/30.png\" width=\"300\" height=\"300\" alt=\"\" title=\"30\" aria-label=\"30\" class=\"lazyload img-responsive wp-image-2566\" srcset=\"data:image\/svg+xml,%3Csvg%20xmlns%3D%27http%3A%2F%2Fwww.w3.org%2F2000%2Fsvg%27%20width%3D%27300%27%20height%3D%27300%27%20viewBox%3D%270%200%20300%20300%27%3E%3Crect%20width%3D%27300%27%20height%3D%27300%27%20fill-opacity%3D%220%22%2F%3E%3C%2Fsvg%3E\" data-srcset=\"https:\/\/beylini.com\/wp-content\/uploads\/2024\/03\/30-200x200.png 200w, https:\/\/beylini.com\/wp-content\/uploads\/2024\/03\/30.png 300w\" data-sizes=\"auto\" data-orig-sizes=\"(min-width: 2200px) 100vw, (min-width: 856px) 311px, (min-width: 784px) 415px, (min-width: 712px) 623px, (min-width: 640px) 712px, \" \/><\/div><div class=\"awb-imageframe-caption-container\" style=\"text-align:center;\"><div class=\"awb-imageframe-caption\"><h5 class=\"awb-imageframe-caption-title\">Lavabo Alt\u0131 Mat\u0131<\/h5><\/div><\/div><\/div><div style=\"padding:5px;\" class=\"fusion-grid-column fusion-gallery-column fusion-gallery-column-4 awb-imageframe-style awb-imageframe-style-below awb-imageframe-style-1\"><div class=\"fusion-gallery-image fusion-gallery-image-liftup\"><img decoding=\"async\" src=\"https:\/\/beylini.com\/wp-content\/uploads\/2024\/03\/41.png\" data-orig-src=\"https:\/\/beylini.com\/wp-content\/uploads\/2024\/03\/41.png\" width=\"300\" height=\"300\" alt=\"\" title=\"41\" aria-label=\"41\" class=\"lazyload img-responsive wp-image-2571\" srcset=\"data:image\/svg+xml,%3Csvg%20xmlns%3D%27http%3A%2F%2Fwww.w3.org%2F2000%2Fsvg%27%20width%3D%27300%27%20height%3D%27300%27%20viewBox%3D%270%200%20300%20300%27%3E%3Crect%20width%3D%27300%27%20height%3D%27300%27%20fill-opacity%3D%220%22%2F%3E%3C%2Fsvg%3E\" data-srcset=\"https:\/\/beylini.com\/wp-content\/uploads\/2024\/03\/41-200x200.png 200w, https:\/\/beylini.com\/wp-content\/uploads\/2024\/03\/41.png 300w\" data-sizes=\"auto\" data-orig-sizes=\"(min-width: 2200px) 100vw, (min-width: 856px) 311px, (min-width: 784px) 415px, (min-width: 712px) 623px, (min-width: 640px) 712px, \" \/><\/div><div class=\"awb-imageframe-caption-container\" style=\"text-align:center;\"><div class=\"awb-imageframe-caption\"><h5 class=\"awb-imageframe-caption-title\">Post\u00fcp \/ Kedi Atlama<\/h5><\/div><\/div><\/div><div style=\"padding:5px;\" class=\"fusion-grid-column fusion-gallery-column fusion-gallery-column-4 awb-imageframe-style awb-imageframe-style-below awb-imageframe-style-1\"><div class=\"fusion-gallery-image fusion-gallery-image-liftup\"><img decoding=\"async\" src=\"https:\/\/beylini.com\/wp-content\/uploads\/2024\/03\/43.png\" data-orig-src=\"https:\/\/beylini.com\/wp-content\/uploads\/2024\/03\/43.png\" width=\"300\" height=\"300\" alt=\"\" title=\"43\" aria-label=\"43\" class=\"lazyload img-responsive wp-image-2572\" srcset=\"data:image\/svg+xml,%3Csvg%20xmlns%3D%27http%3A%2F%2Fwww.w3.org%2F2000%2Fsvg%27%20width%3D%27300%27%20height%3D%27300%27%20viewBox%3D%270%200%20300%20300%27%3E%3Crect%20width%3D%27300%27%20height%3D%27300%27%20fill-opacity%3D%220%22%2F%3E%3C%2Fsvg%3E\" data-srcset=\"https:\/\/beylini.com\/wp-content\/uploads\/2024\/03\/43-200x200.png 200w, https:\/\/beylini.com\/wp-content\/uploads\/2024\/03\/43.png 300w\" data-sizes=\"auto\" data-orig-sizes=\"(min-width: 2200px) 100vw, (min-width: 856px) 311px, (min-width: 784px) 415px, (min-width: 712px) 623px, (min-width: 640px) 712px, \" \/><\/div><div class=\"awb-imageframe-caption-container\" style=\"text-align:center;\"><div class=\"awb-imageframe-caption\"><h5 class=\"awb-imageframe-caption-title\">Merdiven Hal\u0131s\u0131<\/h5><\/div><\/div><\/div><div class=\"clearfix\"><\/div><div style=\"padding:5px;\" class=\"fusion-grid-column fusion-gallery-column fusion-gallery-column-4 awb-imageframe-style awb-imageframe-style-below awb-imageframe-style-1\"><div class=\"fusion-gallery-image fusion-gallery-image-liftup\"><img decoding=\"async\" src=\"https:\/\/beylini.com\/wp-content\/uploads\/2024\/03\/32.png\" data-orig-src=\"https:\/\/beylini.com\/wp-content\/uploads\/2024\/03\/32.png\" width=\"300\" height=\"300\" alt=\"\" title=\"32\" aria-label=\"32\" class=\"lazyload img-responsive wp-image-2567\" srcset=\"data:image\/svg+xml,%3Csvg%20xmlns%3D%27http%3A%2F%2Fwww.w3.org%2F2000%2Fsvg%27%20width%3D%27300%27%20height%3D%27300%27%20viewBox%3D%270%200%20300%20300%27%3E%3Crect%20width%3D%27300%27%20height%3D%27300%27%20fill-opacity%3D%220%22%2F%3E%3C%2Fsvg%3E\" data-srcset=\"https:\/\/beylini.com\/wp-content\/uploads\/2024\/03\/32-200x200.png 200w, https:\/\/beylini.com\/wp-content\/uploads\/2024\/03\/32.png 300w\" data-sizes=\"auto\" data-orig-sizes=\"(min-width: 2200px) 100vw, (min-width: 856px) 311px, (min-width: 784px) 415px, (min-width: 712px) 623px, (min-width: 640px) 712px, \" \/><\/div><div class=\"awb-imageframe-caption-container\" style=\"text-align:center;\"><div class=\"awb-imageframe-caption\"><h5 class=\"awb-imageframe-caption-title\">Tava Tencere Koruyucular<\/h5><\/div><\/div><\/div><div style=\"padding:5px;\" class=\"fusion-grid-column fusion-gallery-column fusion-gallery-column-4 awb-imageframe-style awb-imageframe-style-below awb-imageframe-style-1\"><div class=\"fusion-gallery-image fusion-gallery-image-liftup\"><img decoding=\"async\" src=\"https:\/\/beylini.com\/wp-content\/uploads\/2024\/03\/36.png\" data-orig-src=\"https:\/\/beylini.com\/wp-content\/uploads\/2024\/03\/36.png\" width=\"300\" height=\"300\" alt=\"\" title=\"36\" aria-label=\"36\" class=\"lazyload img-responsive wp-image-2568\" srcset=\"data:image\/svg+xml,%3Csvg%20xmlns%3D%27http%3A%2F%2Fwww.w3.org%2F2000%2Fsvg%27%20width%3D%27300%27%20height%3D%27300%27%20viewBox%3D%270%200%20300%20300%27%3E%3Crect%20width%3D%27300%27%20height%3D%27300%27%20fill-opacity%3D%220%22%2F%3E%3C%2Fsvg%3E\" data-srcset=\"https:\/\/beylini.com\/wp-content\/uploads\/2024\/03\/36-200x200.png 200w, https:\/\/beylini.com\/wp-content\/uploads\/2024\/03\/36.png 300w\" data-sizes=\"auto\" data-orig-sizes=\"(min-width: 2200px) 100vw, (min-width: 856px) 311px, (min-width: 784px) 415px, (min-width: 712px) 623px, (min-width: 640px) 712px, \" \/><\/div><div class=\"awb-imageframe-caption-container\" style=\"text-align:center;\"><div class=\"awb-imageframe-caption\"><h5 class=\"awb-imageframe-caption-title\">Pisuvar Paspas\u0131<\/h5><\/div><\/div><\/div><div style=\"padding:5px;\" class=\"fusion-grid-column fusion-gallery-column fusion-gallery-column-4 awb-imageframe-style awb-imageframe-style-below awb-imageframe-style-1\"><div class=\"fusion-gallery-image fusion-gallery-image-liftup\"><img decoding=\"async\" src=\"https:\/\/beylini.com\/wp-content\/uploads\/2024\/03\/39.png\" data-orig-src=\"https:\/\/beylini.com\/wp-content\/uploads\/2024\/03\/39.png\" width=\"300\" height=\"300\" alt=\"\" title=\"39\" aria-label=\"39\" class=\"lazyload img-responsive wp-image-2570\" srcset=\"data:image\/svg+xml,%3Csvg%20xmlns%3D%27http%3A%2F%2Fwww.w3.org%2F2000%2Fsvg%27%20width%3D%27300%27%20height%3D%27300%27%20viewBox%3D%270%200%20300%20300%27%3E%3Crect%20width%3D%27300%27%20height%3D%27300%27%20fill-opacity%3D%220%22%2F%3E%3C%2Fsvg%3E\" data-srcset=\"https:\/\/beylini.com\/wp-content\/uploads\/2024\/03\/39-200x200.png 200w, https:\/\/beylini.com\/wp-content\/uploads\/2024\/03\/39.png 300w\" data-sizes=\"auto\" data-orig-sizes=\"(min-width: 2200px) 100vw, (min-width: 856px) 311px, (min-width: 784px) 415px, (min-width: 712px) 623px, (min-width: 640px) 712px, \" \/><\/div><div class=\"awb-imageframe-caption-container\" style=\"text-align:center;\"><div class=\"awb-imageframe-caption\"><h5 class=\"awb-imageframe-caption-title\">Masa Mat\u0131<\/h5><\/div><\/div><\/div><div style=\"padding:5px;\" class=\"fusion-grid-column fusion-gallery-column fusion-gallery-column-4 awb-imageframe-style awb-imageframe-style-below awb-imageframe-style-1\"><div class=\"fusion-gallery-image fusion-gallery-image-liftup\"><img decoding=\"async\" src=\"https:\/\/beylini.com\/wp-content\/uploads\/2024\/03\/hot-tube-mat.png\" data-orig-src=\"https:\/\/beylini.com\/wp-content\/uploads\/2024\/03\/hot-tube-mat.png\" width=\"300\" height=\"300\" alt=\"\" title=\"hot-tube-mat\" aria-label=\"hot-tube-mat\" class=\"lazyload img-responsive wp-image-2573\" srcset=\"data:image\/svg+xml,%3Csvg%20xmlns%3D%27http%3A%2F%2Fwww.w3.org%2F2000%2Fsvg%27%20width%3D%27300%27%20height%3D%27300%27%20viewBox%3D%270%200%20300%20300%27%3E%3Crect%20width%3D%27300%27%20height%3D%27300%27%20fill-opacity%3D%220%22%2F%3E%3C%2Fsvg%3E\" data-srcset=\"https:\/\/beylini.com\/wp-content\/uploads\/2024\/03\/hot-tube-mat-200x200.png 200w, https:\/\/beylini.com\/wp-content\/uploads\/2024\/03\/hot-tube-mat.png 300w\" data-sizes=\"auto\" data-orig-sizes=\"(min-width: 2200px) 100vw, (min-width: 856px) 311px, (min-width: 784px) 415px, (min-width: 712px) 623px, (min-width: 640px) 712px, \" \/><\/div><div class=\"awb-imageframe-caption-container\" style=\"text-align:center;\"><div class=\"awb-imageframe-caption\"><h5 class=\"awb-imageframe-caption-title\">Havuz Koruyucu Mat<\/h5><\/div><\/div><\/div><div class=\"clearfix\"><\/div><\/div><\/div><style type=\"text\/css\">.fusion-body .fusion-builder-column-0{width:100% !important;margin-top : 20px;margin-bottom : 20px;}.fusion-builder-column-0 > .fusion-column-wrapper {padding-top : 0px !important;padding-right : 0px !important;margin-right : 1.92%;padding-bottom : 0px !important;padding-left : 0px !important;margin-left : 1.92%;}@media only screen and (max-width:1200px) {.fusion-body .fusion-builder-column-0{width:100% !important;order : 0;}.fusion-builder-column-0 > .fusion-column-wrapper {margin-right : 1.92%;margin-left : 1.92%;}}@media only screen and (max-width:640px) {.fusion-body .fusion-builder-column-0{width:100% !important;order : 0;}.fusion-builder-column-0 > .fusion-column-wrapper {margin-right : 1.92%;margin-left : 1.92%;}}<\/style><\/div><\/div><style type=\"text\/css\">.fusion-body .fusion-flex-container.fusion-builder-row-1{ padding-top : 0px;margin-top : 0px;padding-right : 0px;padding-bottom : 0px;margin-bottom : 0px;padding-left : 0px;}<\/style><\/div>\n","protected":false},"excerpt":{"rendered":"","protected":false},"author":1,"featured_media":0,"parent":0,"menu_order":0,"comment_status":"closed","ping_status":"closed","template":"","meta":{"footnotes":""},"class_list":["post-2939","page","type-page","status-publish","hentry"],"yoast_head":"<!-- This site is optimized with the Yoast SEO plugin v22.4 - https:\/\/yoast.com\/wordpress\/plugins\/seo\/ -->\n<title>Ev &amp; Bah\u00e7e - Beylini<\/title>\n<meta name=\"robots\" content=\"index, follow, max-snippet:-1, max-image-preview:large, max-video-preview:-1\" \/>\n<link rel=\"canonical\" href=\"https:\/\/beylini.com\/tr\/ev-bahce\/\" \/>\n<meta property=\"og:locale\" content=\"tr_TR\" \/>\n<meta property=\"og:type\" content=\"article\" \/>\n<meta property=\"og:title\" content=\"Ev &amp; Bah\u00e7e - Beylini\" \/>\n<meta property=\"og:url\" content=\"https:\/\/beylini.com\/tr\/ev-bahce\/\" \/>\n<meta property=\"og:site_name\" content=\"Beylini\" \/>\n<meta property=\"article:modified_time\" content=\"2024-04-20T18:27:53+00:00\" \/>\n<meta name=\"twitter:card\" content=\"summary_large_image\" \/>\n<meta name=\"twitter:label1\" content=\"Tahmini okuma s\u00fcresi\" \/>\n\t<meta name=\"twitter:data1\" content=\"4 dakika\" \/>\n<script type=\"application\/ld+json\" class=\"yoast-schema-graph\">{\"@context\":\"https:\/\/schema.org\",\"@graph\":[{\"@type\":\"WebPage\",\"@id\":\"https:\/\/beylini.com\/tr\/ev-bahce\/\",\"url\":\"https:\/\/beylini.com\/tr\/ev-bahce\/\",\"name\":\"Ev &amp; Bah\u00e7e - Beylini\",\"isPartOf\":{\"@id\":\"https:\/\/beylini.com\/tr\/#website\"},\"datePublished\":\"2024-03-10T21:57:04+00:00\",\"dateModified\":\"2024-04-20T18:27:53+00:00\",\"breadcrumb\":{\"@id\":\"https:\/\/beylini.com\/tr\/ev-bahce\/#breadcrumb\"},\"inLanguage\":\"tr\",\"potentialAction\":[{\"@type\":\"ReadAction\",\"target\":[\"https:\/\/beylini.com\/tr\/ev-bahce\/\"]}]},{\"@type\":\"BreadcrumbList\",\"@id\":\"https:\/\/beylini.com\/tr\/ev-bahce\/#breadcrumb\",\"itemListElement\":[{\"@type\":\"ListItem\",\"position\":1,\"name\":\"Anasayfa\",\"item\":\"https:\/\/beylini.com\/tr\/\"},{\"@type\":\"ListItem\",\"position\":2,\"name\":\"Ev &amp; Bah\u00e7e\"}]},{\"@type\":\"WebSite\",\"@id\":\"https:\/\/beylini.com\/tr\/#website\",\"url\":\"https:\/\/beylini.com\/tr\/\",\"name\":\"Beylini\",\"description\":\"Beylini\",\"publisher\":{\"@id\":\"https:\/\/beylini.com\/tr\/#organization\"},\"potentialAction\":[{\"@type\":\"SearchAction\",\"target\":{\"@type\":\"EntryPoint\",\"urlTemplate\":\"https:\/\/beylini.com\/tr\/?s={search_term_string}\"},\"query-input\":\"required name=search_term_string\"}],\"inLanguage\":\"tr\"},{\"@type\":\"Organization\",\"@id\":\"https:\/\/beylini.com\/tr\/#organization\",\"name\":\"Beylini\",\"url\":\"https:\/\/beylini.com\/tr\/\",\"logo\":{\"@type\":\"ImageObject\",\"inLanguage\":\"tr\",\"@id\":\"https:\/\/beylini.com\/tr\/#\/schema\/logo\/image\/\",\"url\":\"http:\/\/beylini.com\/wp-content\/uploads\/2021\/12\/Untitled-design-3.png\",\"contentUrl\":\"http:\/\/beylini.com\/wp-content\/uploads\/2021\/12\/Untitled-design-3.png\",\"width\":684,\"height\":408,\"caption\":\"Beylini\"},\"image\":{\"@id\":\"https:\/\/beylini.com\/tr\/#\/schema\/logo\/image\/\"}}]}<\/script>\n<!-- \/ Yoast SEO plugin. -->","yoast_head_json":{"title":"Ev &amp; Bah\u00e7e - Beylini","robots":{"index":"index","follow":"follow","max-snippet":"max-snippet:-1","max-image-preview":"max-image-preview:large","max-video-preview":"max-video-preview:-1"},"canonical":"https:\/\/beylini.com\/tr\/ev-bahce\/","og_locale":"tr_TR","og_type":"article","og_title":"Ev &amp; Bah\u00e7e - Beylini","og_url":"https:\/\/beylini.com\/tr\/ev-bahce\/","og_site_name":"Beylini","article_modified_time":"2024-04-20T18:27:53+00:00","twitter_card":"summary_large_image","twitter_misc":{"Tahmini okuma s\u00fcresi":"4 dakika"},"schema":{"@context":"https:\/\/schema.org","@graph":[{"@type":"WebPage","@id":"https:\/\/beylini.com\/tr\/ev-bahce\/","url":"https:\/\/beylini.com\/tr\/ev-bahce\/","name":"Ev &amp; Bah\u00e7e - Beylini","isPartOf":{"@id":"https:\/\/beylini.com\/tr\/#website"},"datePublished":"2024-03-10T21:57:04+00:00","dateModified":"2024-04-20T18:27:53+00:00","breadcrumb":{"@id":"https:\/\/beylini.com\/tr\/ev-bahce\/#breadcrumb"},"inLanguage":"tr","potentialAction":[{"@type":"ReadAction","target":["https:\/\/beylini.com\/tr\/ev-bahce\/"]}]},{"@type":"BreadcrumbList","@id":"https:\/\/beylini.com\/tr\/ev-bahce\/#breadcrumb","itemListElement":[{"@type":"ListItem","position":1,"name":"Anasayfa","item":"https:\/\/beylini.com\/tr\/"},{"@type":"ListItem","position":2,"name":"Ev &amp; Bah\u00e7e"}]},{"@type":"WebSite","@id":"https:\/\/beylini.com\/tr\/#website","url":"https:\/\/beylini.com\/tr\/","name":"Beylini","description":"Beylini","publisher":{"@id":"https:\/\/beylini.com\/tr\/#organization"},"potentialAction":[{"@type":"SearchAction","target":{"@type":"EntryPoint","urlTemplate":"https:\/\/beylini.com\/tr\/?s={search_term_string}"},"query-input":"required name=search_term_string"}],"inLanguage":"tr"},{"@type":"Organization","@id":"https:\/\/beylini.com\/tr\/#organization","name":"Beylini","url":"https:\/\/beylini.com\/tr\/","logo":{"@type":"ImageObject","inLanguage":"tr","@id":"https:\/\/beylini.com\/tr\/#\/schema\/logo\/image\/","url":"http:\/\/beylini.com\/wp-content\/uploads\/2021\/12\/Untitled-design-3.png","contentUrl":"http:\/\/beylini.com\/wp-content\/uploads\/2021\/12\/Untitled-design-3.png","width":684,"height":408,"caption":"Beylini"},"image":{"@id":"https:\/\/beylini.com\/tr\/#\/schema\/logo\/image\/"}}]}},"_links":{"self":[{"href":"https:\/\/beylini.com\/tr\/wp-json\/wp\/v2\/pages\/2939","targetHints":{"allow":["GET"]}}],"collection":[{"href":"https:\/\/beylini.com\/tr\/wp-json\/wp\/v2\/pages"}],"about":[{"href":"https:\/\/beylini.com\/tr\/wp-json\/wp\/v2\/types\/page"}],"author":[{"embeddable":true,"href":"https:\/\/beylini.com\/tr\/wp-json\/wp\/v2\/users\/1"}],"replies":[{"embeddable":true,"href":"https:\/\/beylini.com\/tr\/wp-json\/wp\/v2\/comments?post=2939"}],"version-history":[{"count":12,"href":"https:\/\/beylini.com\/tr\/wp-json\/wp\/v2\/pages\/2939\/revisions"}],"predecessor-version":[{"id":3097,"href":"https:\/\/beylini.com\/tr\/wp-json\/wp\/v2\/pages\/2939\/revisions\/3097"}],"wp:attachment":[{"href":"https:\/\/beylini.com\/tr\/wp-json\/wp\/v2\/media?parent=2939"}],"curies":[{"name":"wp","href":"https:\/\/api.w.org\/{rel}","templated":true}]}}